{"id":91,"date":"2025-09-30T12:45:16","date_gmt":"2025-09-30T12:45:16","guid":{"rendered":"https:\/\/compagniesaa.fr\/?page_id=91"},"modified":"2025-12-05T11:20:47","modified_gmt":"2025-12-05T11:20:47","slug":"contact","status":"publish","type":"page","link":"https:\/\/compagniesaa.fr\/?page_id=91","title":{"rendered":"LA COMPAGNIE"},"content":{"rendered":"\n<figure class=\"wp-block-image aligncenter size-large is-resized\"><img loading=\"lazy\" decoding=\"async\" width=\"1024\" height=\"683\" src=\"http:\/\/compagniesaa.fr\/wp-content\/uploads\/2025\/09\/IMG_7868-copie-1024x683.jpg\" alt=\"\" class=\"wp-image-21\" style=\"width:333px;height:auto\" srcset=\"https:\/\/compagniesaa.fr\/wp-content\/uploads\/2025\/09\/IMG_7868-copie-1024x683.jpg 1024w, https:\/\/compagniesaa.fr\/wp-content\/uploads\/2025\/09\/IMG_7868-copie-300x200.jpg 300w, https:\/\/compagniesaa.fr\/wp-content\/uploads\/2025\/09\/IMG_7868-copie-768x512.jpg 768w, https:\/\/compagniesaa.fr\/wp-content\/uploads\/2025\/09\/IMG_7868-copie-1536x1024.jpg 1536w, https:\/\/compagniesaa.fr\/wp-content\/uploads\/2025\/09\/IMG_7868-copie-2048x1365.jpg 2048w\" sizes=\"auto, (max-width: 1024px) 100vw, 1024px\" \/><figcaption class=\"wp-element-caption\">Cr\u00e9dit photo: Lo\u00efc NYs<\/figcaption><\/figure>\n\n\n\n<p class=\"has-text-align-center\">SA\u00c2 est le mot tib\u00e9tain utilis\u00e9 pour d\u00e9signer la&nbsp;<em>\u00ab\u00a0panth\u00e8re des neiges\u00a0\u00bb<\/em>. Animal d&rsquo;une beaut\u00e9 et d&rsquo;une raret\u00e9 supr\u00eame, c&rsquo;est la vision que nous avons de la Nature, et par extension, du Vivant, et des&nbsp;<em>Vivants<\/em>.<\/p>\n\n\n\n<p class=\"has-text-align-center\">Avec une d\u00e9marche profond\u00e9ment&nbsp;<em>humaniste<\/em>&nbsp;et&nbsp;<em>altruiste<\/em>, il&nbsp;&nbsp;est important pour nous que cette compagnie soit fond\u00e9e sur l&rsquo;<em>\u00e9coute<\/em>, les&nbsp;<em>sensations<\/em>, les&nbsp;<em>\u00e9motions<\/em>&nbsp;de toutes les p<em>ersonnes engag\u00e9es<\/em>, de pr\u00e8s ou de loin, aux projets de la compagnie.<\/p>\n\n\n\n<p class=\"has-text-align-center\">Nous souhaitons, de mani\u00e8re utopique,&nbsp;<em>partager<\/em>&nbsp;nos univers, nos \u00e9nergies, nos espoirs, dans le respect mutuel, l&rsquo;\u00e9change culturel et la mixit\u00e9 sociale et g\u00e9n\u00e9rationelle.<\/p>\n\n\n\n<p><\/p>\n\n\n\n<p class=\"has-text-align-center\">\u00b0\u00b0\u00b0<\/p>\n\n\n\n<p><\/p>\n\n\n\n<h1 class=\"wp-block-heading has-text-align-center\"><strong>LES ARTISTES <\/strong><\/h1>\n\n\n\n<p class=\"has-text-align-center\"><strong> <\/strong><\/p>\n\n\n\n<div class=\"wp-block-columns is-layout-flex wp-container-core-columns-is-layout-28f84493 wp-block-columns-is-layout-flex\">\n<div class=\"wp-block-column is-layout-flow wp-block-column-is-layout-flow\">\n<figure class=\"wp-block-image size-large\"><img loading=\"lazy\" decoding=\"async\" width=\"1024\" height=\"683\" src=\"http:\/\/compagniesaa.fr\/wp-content\/uploads\/2025\/09\/Laurie-in-the-wild-1-copie-1024x683.jpg\" alt=\"\" class=\"wp-image-49\" srcset=\"https:\/\/compagniesaa.fr\/wp-content\/uploads\/2025\/09\/Laurie-in-the-wild-1-copie-1024x683.jpg 1024w, https:\/\/compagniesaa.fr\/wp-content\/uploads\/2025\/09\/Laurie-in-the-wild-1-copie-300x200.jpg 300w, https:\/\/compagniesaa.fr\/wp-content\/uploads\/2025\/09\/Laurie-in-the-wild-1-copie-768x512.jpg 768w, https:\/\/compagniesaa.fr\/wp-content\/uploads\/2025\/09\/Laurie-in-the-wild-1-copie-1536x1024.jpg 1536w, https:\/\/compagniesaa.fr\/wp-content\/uploads\/2025\/09\/Laurie-in-the-wild-1-copie.jpg 2048w\" sizes=\"auto, (max-width: 1024px) 100vw, 1024px\" \/><figcaption class=\"wp-element-caption\">Cr\u00e9dit photo : Robin Manogil<\/figcaption><\/figure>\n<\/div>\n\n\n\n<div class=\"wp-block-column is-layout-flow wp-block-column-is-layout-flow\">\n<p><\/p>\n\n\n\n<h3 class=\"wp-block-heading has-text-align-right is-style-default\">Laurie Sauted\u00e9 \/ Directrice Artistique <\/h3>\n\n\n\n<p><\/p>\n\n\n\n<p><\/p>\n<\/div>\n<\/div>\n\n\n\n<div class=\"wp-block-columns is-layout-flex wp-container-core-columns-is-layout-28f84493 wp-block-columns-is-layout-flex\">\n<div class=\"wp-block-column is-layout-flow wp-block-column-is-layout-flow\">\n<p><\/p>\n\n\n\n<h3 class=\"wp-block-heading\">\u00c9lise Pillois \/   Interpr\u00e8te de BISON<\/h3>\n<\/div>\n\n\n\n<div class=\"wp-block-column is-layout-flow wp-block-column-is-layout-flow\">\n<figure class=\"wp-block-image size-large\"><img loading=\"lazy\" decoding=\"async\" width=\"1024\" height=\"575\" src=\"http:\/\/compagniesaa.fr\/wp-content\/uploads\/2025\/09\/DSC00524-copie-1024x575.jpg\" alt=\"\" class=\"wp-image-44\" srcset=\"https:\/\/compagniesaa.fr\/wp-content\/uploads\/2025\/09\/DSC00524-copie-1024x575.jpg 1024w, https:\/\/compagniesaa.fr\/wp-content\/uploads\/2025\/09\/DSC00524-copie-300x168.jpg 300w, https:\/\/compagniesaa.fr\/wp-content\/uploads\/2025\/09\/DSC00524-copie-768x431.jpg 768w, https:\/\/compagniesaa.fr\/wp-content\/uploads\/2025\/09\/DSC00524-copie-1536x862.jpg 1536w, https:\/\/compagniesaa.fr\/wp-content\/uploads\/2025\/09\/DSC00524-copie-2048x1149.jpg 2048w\" sizes=\"auto, (max-width: 1024px) 100vw, 1024px\" \/><figcaption class=\"wp-element-caption\">Cr\u00e9dit photo : Johanne Kozar<\/figcaption><\/figure>\n<\/div>\n<\/div>\n\n\n\n<div class=\"wp-block-columns is-layout-flex wp-container-core-columns-is-layout-28f84493 wp-block-columns-is-layout-flex\">\n<div class=\"wp-block-column is-layout-flow wp-block-column-is-layout-flow\">\n<figure class=\"wp-block-image size-large\"><img loading=\"lazy\" decoding=\"async\" width=\"1024\" height=\"683\" src=\"http:\/\/compagniesaa.fr\/wp-content\/uploads\/2025\/09\/IMG_7875-copie-1024x683.jpg\" alt=\"\" class=\"wp-image-23\" srcset=\"https:\/\/compagniesaa.fr\/wp-content\/uploads\/2025\/09\/IMG_7875-copie-1024x683.jpg 1024w, https:\/\/compagniesaa.fr\/wp-content\/uploads\/2025\/09\/IMG_7875-copie-300x200.jpg 300w, https:\/\/compagniesaa.fr\/wp-content\/uploads\/2025\/09\/IMG_7875-copie-768x512.jpg 768w, https:\/\/compagniesaa.fr\/wp-content\/uploads\/2025\/09\/IMG_7875-copie-1536x1024.jpg 1536w, https:\/\/compagniesaa.fr\/wp-content\/uploads\/2025\/09\/IMG_7875-copie-2048x1365.jpg 2048w\" sizes=\"auto, (max-width: 1024px) 100vw, 1024px\" \/><figcaption class=\"wp-element-caption\">Cr\u00e9dit photo : Lo\u00efc NYs<\/figcaption><\/figure>\n<\/div>\n\n\n\n<div class=\"wp-block-column is-layout-flow wp-block-column-is-layout-flow\">\n<p><\/p>\n\n\n\n<h3 class=\"wp-block-heading has-text-align-right\">Thibaut Carr\u00e9 \/ Interpr\u00e8te de BISON<\/h3>\n<\/div>\n<\/div>\n\n\n\n<div class=\"wp-block-columns is-layout-flex wp-container-core-columns-is-layout-28f84493 wp-block-columns-is-layout-flex\">\n<div class=\"wp-block-column is-layout-flow wp-block-column-is-layout-flow\">\n<h3 class=\"wp-block-heading\">S\u00e9bastien Bellegy \/ Premier interpr\u00e8te de BISON \/         Complice \u00e0 la cr\u00e9ation de la pi\u00e8ce<\/h3>\n<\/div>\n\n\n\n<div class=\"wp-block-column is-layout-flow wp-block-column-is-layout-flow\">\n<figure class=\"wp-block-image size-large\"><img loading=\"lazy\" decoding=\"async\" width=\"1024\" height=\"684\" src=\"http:\/\/compagniesaa.fr\/wp-content\/uploads\/2025\/10\/DSC03785-1024x684.jpg\" alt=\"\" class=\"wp-image-202\" srcset=\"https:\/\/compagniesaa.fr\/wp-content\/uploads\/2025\/10\/DSC03785-1024x684.jpg 1024w, https:\/\/compagniesaa.fr\/wp-content\/uploads\/2025\/10\/DSC03785-300x200.jpg 300w, https:\/\/compagniesaa.fr\/wp-content\/uploads\/2025\/10\/DSC03785-768x513.jpg 768w, https:\/\/compagniesaa.fr\/wp-content\/uploads\/2025\/10\/DSC03785-1536x1026.jpg 1536w, https:\/\/compagniesaa.fr\/wp-content\/uploads\/2025\/10\/DSC03785-2048x1368.jpg 2048w\" sizes=\"auto, (max-width: 1024px) 100vw, 1024px\" \/><figcaption class=\"wp-element-caption\">Cr\u00e9dit photo : Ang\u00e8le Mary<\/figcaption><\/figure>\n<\/div>\n<\/div>\n\n\n\n<div class=\"wp-block-columns is-layout-flex wp-container-core-columns-is-layout-28f84493 wp-block-columns-is-layout-flex\">\n<div class=\"wp-block-column is-layout-flow wp-block-column-is-layout-flow\">\n<figure class=\"wp-block-image size-large\"><img loading=\"lazy\" decoding=\"async\" width=\"925\" height=\"1024\" src=\"http:\/\/compagniesaa.fr\/wp-content\/uploads\/2025\/09\/WhatsApp-Image-2025-09-30-at-10.11.19-1-925x1024.jpeg\" alt=\"\" class=\"wp-image-69\" srcset=\"https:\/\/compagniesaa.fr\/wp-content\/uploads\/2025\/09\/WhatsApp-Image-2025-09-30-at-10.11.19-1-925x1024.jpeg 925w, https:\/\/compagniesaa.fr\/wp-content\/uploads\/2025\/09\/WhatsApp-Image-2025-09-30-at-10.11.19-1-271x300.jpeg 271w, https:\/\/compagniesaa.fr\/wp-content\/uploads\/2025\/09\/WhatsApp-Image-2025-09-30-at-10.11.19-1-768x850.jpeg 768w, https:\/\/compagniesaa.fr\/wp-content\/uploads\/2025\/09\/WhatsApp-Image-2025-09-30-at-10.11.19-1-1388x1536.jpeg 1388w, https:\/\/compagniesaa.fr\/wp-content\/uploads\/2025\/09\/WhatsApp-Image-2025-09-30-at-10.11.19-1.jpeg 1446w\" sizes=\"auto, (max-width: 925px) 100vw, 925px\" \/><\/figure>\n<\/div>\n\n\n\n<div class=\"wp-block-column is-layout-flow wp-block-column-is-layout-flow\">\n<p><\/p>\n\n\n\n<h3 class=\"wp-block-heading has-text-align-right\">C\u00e9lia Tali \/     Interpr\u00e8te de Titre Al\u00e9atoire \/       Complice dans les labos et les m\u00e9diations<\/h3>\n<\/div>\n<\/div>\n\n\n\n<div class=\"wp-block-columns is-layout-flex wp-container-core-columns-is-layout-28f84493 wp-block-columns-is-layout-flex\">\n<div class=\"wp-block-column is-layout-flow wp-block-column-is-layout-flow\">\n<p><\/p>\n\n\n\n<p><\/p>\n\n\n\n<h3 class=\"wp-block-heading\">Hugo Dunas-Wald \/ Interpr\u00e8te de caramels \/ Complice num\u00e9rique<\/h3>\n<\/div>\n\n\n\n<div class=\"wp-block-column is-layout-flow wp-block-column-is-layout-flow\">\n<figure class=\"wp-block-image size-full is-resized\"><img loading=\"lazy\" decoding=\"async\" width=\"1920\" height=\"2560\" src=\"http:\/\/compagniesaa.fr\/wp-content\/uploads\/2025\/12\/IMG_3366-scaled.jpg\" alt=\"\" class=\"wp-image-259\" style=\"width:205px;height:auto\" srcset=\"https:\/\/compagniesaa.fr\/wp-content\/uploads\/2025\/12\/IMG_3366-scaled.jpg 1920w, https:\/\/compagniesaa.fr\/wp-content\/uploads\/2025\/12\/IMG_3366-225x300.jpg 225w, https:\/\/compagniesaa.fr\/wp-content\/uploads\/2025\/12\/IMG_3366-768x1024.jpg 768w, https:\/\/compagniesaa.fr\/wp-content\/uploads\/2025\/12\/IMG_3366-1152x1536.jpg 1152w, https:\/\/compagniesaa.fr\/wp-content\/uploads\/2025\/12\/IMG_3366-1536x2048.jpg 1536w\" sizes=\"auto, (max-width: 1920px) 100vw, 1920px\" \/><\/figure>\n<\/div>\n<\/div>\n\n\n\n<div class=\"wp-block-columns is-layout-flex wp-container-core-columns-is-layout-28f84493 wp-block-columns-is-layout-flex\">\n<div class=\"wp-block-column is-layout-flow wp-block-column-is-layout-flow\">\n<figure class=\"wp-block-image size-full is-resized\"><img loading=\"lazy\" decoding=\"async\" width=\"1920\" height=\"2560\" src=\"http:\/\/compagniesaa.fr\/wp-content\/uploads\/2025\/12\/IMG_3371-scaled.jpg\" alt=\"\" class=\"wp-image-260\" style=\"width:250px;height:auto\" srcset=\"https:\/\/compagniesaa.fr\/wp-content\/uploads\/2025\/12\/IMG_3371-scaled.jpg 1920w, https:\/\/compagniesaa.fr\/wp-content\/uploads\/2025\/12\/IMG_3371-225x300.jpg 225w, https:\/\/compagniesaa.fr\/wp-content\/uploads\/2025\/12\/IMG_3371-768x1024.jpg 768w, https:\/\/compagniesaa.fr\/wp-content\/uploads\/2025\/12\/IMG_3371-1152x1536.jpg 1152w, https:\/\/compagniesaa.fr\/wp-content\/uploads\/2025\/12\/IMG_3371-1536x2048.jpg 1536w\" sizes=\"auto, (max-width: 1920px) 100vw, 1920px\" \/><\/figure>\n<\/div>\n\n\n\n<div class=\"wp-block-column is-layout-flow wp-block-column-is-layout-flow\">\n<p><\/p>\n\n\n\n<p><\/p>\n\n\n\n<h3 class=\"wp-block-heading has-text-align-right\">Louise Baude \/ Interpr\u00e8te de caramels<\/h3>\n<\/div>\n<\/div>\n\n\n\n<div class=\"wp-block-columns is-layout-flex wp-container-core-columns-is-layout-28f84493 wp-block-columns-is-layout-flex\">\n<div class=\"wp-block-column is-layout-flow wp-block-column-is-layout-flow\">\n<p><\/p>\n\n\n\n<p><\/p>\n\n\n\n<h3 class=\"wp-block-heading\">Jean-No\u00ebl Masson \/ Interpr\u00e8te de caramels<\/h3>\n<\/div>\n\n\n\n<div class=\"wp-block-column is-layout-flow wp-block-column-is-layout-flow\">\n<figure class=\"wp-block-image size-large is-resized\"><img loading=\"lazy\" decoding=\"async\" width=\"768\" height=\"1024\" src=\"http:\/\/compagniesaa.fr\/wp-content\/uploads\/2025\/12\/IMG_3361-768x1024.jpg\" alt=\"\" class=\"wp-image-258\" style=\"aspect-ratio:0.7500202118198722;width:225px;height:auto\" srcset=\"https:\/\/compagniesaa.fr\/wp-content\/uploads\/2025\/12\/IMG_3361-768x1024.jpg 768w, https:\/\/compagniesaa.fr\/wp-content\/uploads\/2025\/12\/IMG_3361-225x300.jpg 225w, https:\/\/compagniesaa.fr\/wp-content\/uploads\/2025\/12\/IMG_3361-1152x1536.jpg 1152w, https:\/\/compagniesaa.fr\/wp-content\/uploads\/2025\/12\/IMG_3361-1536x2048.jpg 1536w, https:\/\/compagniesaa.fr\/wp-content\/uploads\/2025\/12\/IMG_3361-scaled.jpg 1920w\" sizes=\"auto, (max-width: 768px) 100vw, 768px\" \/><\/figure>\n<\/div>\n<\/div>\n\n\n\n<div class=\"wp-block-columns is-layout-flex wp-container-core-columns-is-layout-28f84493 wp-block-columns-is-layout-flex\">\n<div class=\"wp-block-column is-layout-flow wp-block-column-is-layout-flow\">\n<figure class=\"wp-block-image size-large\"><img loading=\"lazy\" decoding=\"async\" width=\"768\" height=\"1024\" src=\"http:\/\/compagniesaa.fr\/wp-content\/uploads\/2025\/12\/IMG_3380-768x1024.jpg\" alt=\"\" class=\"wp-image-257\" srcset=\"https:\/\/compagniesaa.fr\/wp-content\/uploads\/2025\/12\/IMG_3380-768x1024.jpg 768w, https:\/\/compagniesaa.fr\/wp-content\/uploads\/2025\/12\/IMG_3380-225x300.jpg 225w, https:\/\/compagniesaa.fr\/wp-content\/uploads\/2025\/12\/IMG_3380-1152x1536.jpg 1152w, https:\/\/compagniesaa.fr\/wp-content\/uploads\/2025\/12\/IMG_3380-1536x2048.jpg 1536w, https:\/\/compagniesaa.fr\/wp-content\/uploads\/2025\/12\/IMG_3380-scaled.jpg 1920w\" sizes=\"auto, (max-width: 768px) 100vw, 768px\" \/><\/figure>\n<\/div>\n\n\n\n<div class=\"wp-block-column is-layout-flow wp-block-column-is-layout-flow\">\n<p><\/p>\n\n\n\n<p><\/p>\n\n\n\n<p><\/p>\n\n\n\n<h3 class=\"wp-block-heading\">Antoine Toulemonde \/ Interpr\u00e8te de caramels<\/h3>\n\n\n\n<p><\/p>\n<\/div>\n<\/div>\n","protected":false},"excerpt":{"rendered":"<p>SA\u00c2 est le mot tib\u00e9tain utilis\u00e9 pour d\u00e9signer la&nbsp;\u00ab\u00a0panth\u00e8re des neiges\u00a0\u00bb. Animal d&rsquo;une beaut\u00e9 et d&rsquo;une raret\u00e9 supr\u00eame, c&rsquo;est la vision que nous avons de la Nature, et par extension, du Vivant, et des&nbsp;Vivants. Avec une d\u00e9marche profond\u00e9ment&nbsp;humaniste&nbsp;et&nbsp;altruiste, il&nbsp;&nbsp;est important pour nous que cette compagnie soit fond\u00e9e sur l&rsquo;\u00e9coute, les&nbsp;sensations, les&nbsp;\u00e9motions&nbsp;de toutes les personnes engag\u00e9es, [&hellip;]<\/p>\n","protected":false},"author":1,"featured_media":0,"parent":0,"menu_order":0,"comment_status":"closed","ping_status":"closed","template":"","meta":{"footnotes":""},"class_list":["post-91","page","type-page","status-publish","hentry"],"_links":{"self":[{"href":"https:\/\/compagniesaa.fr\/index.php?rest_route=\/wp\/v2\/pages\/91","targetHints":{"allow":["GET"]}}],"collection":[{"href":"https:\/\/compagniesaa.fr\/index.php?rest_route=\/wp\/v2\/pages"}],"about":[{"href":"https:\/\/compagniesaa.fr\/index.php?rest_route=\/wp\/v2\/types\/page"}],"author":[{"embeddable":true,"href":"https:\/\/compagniesaa.fr\/index.php?rest_route=\/wp\/v2\/users\/1"}],"replies":[{"embeddable":true,"href":"https:\/\/compagniesaa.fr\/index.php?rest_route=%2Fwp%2Fv2%2Fcomments&post=91"}],"version-history":[{"count":12,"href":"https:\/\/compagniesaa.fr\/index.php?rest_route=\/wp\/v2\/pages\/91\/revisions"}],"predecessor-version":[{"id":261,"href":"https:\/\/compagniesaa.fr\/index.php?rest_route=\/wp\/v2\/pages\/91\/revisions\/261"}],"wp:attachment":[{"href":"https:\/\/compagniesaa.fr\/index.php?rest_route=%2Fwp%2Fv2%2Fmedia&parent=91"}],"curies":[{"name":"wp","href":"https:\/\/api.w.org\/{rel}","templated":true}]}}