{"id":90,"date":"2025-09-30T12:45:53","date_gmt":"2025-09-30T12:45:53","guid":{"rendered":"https:\/\/compagniesaa.fr\/?page_id=90"},"modified":"2025-09-30T15:50:23","modified_gmt":"2025-09-30T15:50:23","slug":"labos","status":"publish","type":"page","link":"https:\/\/compagniesaa.fr\/?page_id=90","title":{"rendered":"LABOs"},"content":{"rendered":"\n<p><strong><em>DANSER \u00c9CRIRE JOUER <\/em><\/strong> >> laboratoires d&rsquo;exp\u00e9rimentations fac\u00e9tieuses&#8230;<\/p>\n\n\n\n<div class=\"wp-block-columns is-layout-flex wp-container-core-columns-is-layout-28f84493 wp-block-columns-is-layout-flex\">\n<div class=\"wp-block-column is-layout-flow wp-block-column-is-layout-flow\">\n<figure class=\"wp-block-image size-large\"><img loading=\"lazy\" decoding=\"async\" width=\"1024\" height=\"1024\" src=\"http:\/\/compagniesaa.fr\/wp-content\/uploads\/2025\/09\/53BEC6AE-D24C-4AFF-83B1-416B7388D3E2-1024x1024.jpg\" alt=\"\" class=\"wp-image-27\" srcset=\"https:\/\/compagniesaa.fr\/wp-content\/uploads\/2025\/09\/53BEC6AE-D24C-4AFF-83B1-416B7388D3E2-1024x1024.jpg 1024w, https:\/\/compagniesaa.fr\/wp-content\/uploads\/2025\/09\/53BEC6AE-D24C-4AFF-83B1-416B7388D3E2-300x300.jpg 300w, https:\/\/compagniesaa.fr\/wp-content\/uploads\/2025\/09\/53BEC6AE-D24C-4AFF-83B1-416B7388D3E2-150x150.jpg 150w, https:\/\/compagniesaa.fr\/wp-content\/uploads\/2025\/09\/53BEC6AE-D24C-4AFF-83B1-416B7388D3E2-768x768.jpg 768w, https:\/\/compagniesaa.fr\/wp-content\/uploads\/2025\/09\/53BEC6AE-D24C-4AFF-83B1-416B7388D3E2.jpg 1440w\" sizes=\"auto, (max-width: 1024px) 100vw, 1024px\" \/><\/figure>\n<\/div>\n\n\n\n<div class=\"wp-block-column is-layout-flow wp-block-column-is-layout-flow\">\n<figure class=\"wp-block-image size-large\"><img loading=\"lazy\" decoding=\"async\" width=\"1024\" height=\"1024\" src=\"http:\/\/compagniesaa.fr\/wp-content\/uploads\/2025\/09\/160D6132-46D6-4BC2-9D35-85908C687E7E-1024x1024.jpg\" alt=\"\" class=\"wp-image-29\" srcset=\"https:\/\/compagniesaa.fr\/wp-content\/uploads\/2025\/09\/160D6132-46D6-4BC2-9D35-85908C687E7E-1024x1024.jpg 1024w, https:\/\/compagniesaa.fr\/wp-content\/uploads\/2025\/09\/160D6132-46D6-4BC2-9D35-85908C687E7E-300x300.jpg 300w, https:\/\/compagniesaa.fr\/wp-content\/uploads\/2025\/09\/160D6132-46D6-4BC2-9D35-85908C687E7E-150x150.jpg 150w, https:\/\/compagniesaa.fr\/wp-content\/uploads\/2025\/09\/160D6132-46D6-4BC2-9D35-85908C687E7E-768x768.jpg 768w, https:\/\/compagniesaa.fr\/wp-content\/uploads\/2025\/09\/160D6132-46D6-4BC2-9D35-85908C687E7E.jpg 1440w\" sizes=\"auto, (max-width: 1024px) 100vw, 1024px\" \/><\/figure>\n<\/div>\n\n\n\n<div class=\"wp-block-column is-layout-flow wp-block-column-is-layout-flow\">\n<figure class=\"wp-block-image size-large\"><img loading=\"lazy\" decoding=\"async\" width=\"1024\" height=\"1024\" src=\"http:\/\/compagniesaa.fr\/wp-content\/uploads\/2025\/09\/139C5233-3902-4413-AAE6-F22F894CC7F8-1024x1024.jpg\" alt=\"\" class=\"wp-image-28\" srcset=\"https:\/\/compagniesaa.fr\/wp-content\/uploads\/2025\/09\/139C5233-3902-4413-AAE6-F22F894CC7F8-1024x1024.jpg 1024w, https:\/\/compagniesaa.fr\/wp-content\/uploads\/2025\/09\/139C5233-3902-4413-AAE6-F22F894CC7F8-300x300.jpg 300w, https:\/\/compagniesaa.fr\/wp-content\/uploads\/2025\/09\/139C5233-3902-4413-AAE6-F22F894CC7F8-150x150.jpg 150w, https:\/\/compagniesaa.fr\/wp-content\/uploads\/2025\/09\/139C5233-3902-4413-AAE6-F22F894CC7F8-768x768.jpg 768w, https:\/\/compagniesaa.fr\/wp-content\/uploads\/2025\/09\/139C5233-3902-4413-AAE6-F22F894CC7F8.jpg 1440w\" sizes=\"auto, (max-width: 1024px) 100vw, 1024px\" \/><\/figure>\n<\/div>\n<\/div>\n\n\n\n<p>Une fois par an, la compagnie organise un LABO, ouvert aux professionnels du mouvement et du th\u00e9\u00e2tre, pr\u00e9-professionnels, ou amateurs ayant une pratique avanc\u00e9e.<\/p>\n\n\n\n<p><strong><em>DANSER<\/em><\/strong>\u00a0nos imaginaires, nos for\u00eats et nos vallons, par des mises en corps exploratrices et aventuri\u00e8res. Chaque matin embrasser son \u00e9tat, accueillir les nouvelles humeurs et les sublimer par le mouvement. \u00c9couter nos corps, rencontrer l\u2019autre, s\u2019\u00e9lancer, enflammer la piste.<\/p>\n\n\n\n<p class=\"has-text-align-left\"><strong><em>\u00c9CRIRE<\/em><\/strong>\u00a0ce qui vient, ce qui coule depuis le corps vers le papier. Pour illustrer, assaisonner, raconter, jeter ou caresser le mot. Nous lirons, nous \u00e9couterons, nous attraperons \u00e0 la vol\u00e9e les syllabes qui r\u00e9sonnent, pour en faire des torrents, des po\u00e9s\u2018\u00eeles, des refuges.<\/p>\n\n\n\n<p class=\"has-text-align-left\"><strong><em>JOUER<\/em><\/strong>\u00a0dedans, dehors, \u00e0 l\u2018int\u00e9rieur et \u00e0 l\u2018ext\u00e9rieur, colorer nos espaces, permettre l\u2018inimaginable. Faire d\u2019un mot un acte complet et d\u2019une tangente soi disant majeure, une aiguille au milieu des pins.\u00a0Laisser la porte ouverte \u00e0 la cr\u00e9ation infinie, dans tous les sens et dans toutes les directions. V\u00e9n\u00e9rer le minuscule, s\u2018offrir l\u2018immense. Laisser libre cours \u00e0 nos instincts espi\u00e8gles.<\/p>\n\n\n\n<p>Prochaine session : en cours d&rsquo;organisation&#8230;<\/p>\n\n\n\n<p><\/p>\n","protected":false},"excerpt":{"rendered":"<p>DANSER \u00c9CRIRE JOUER >> laboratoires d&rsquo;exp\u00e9rimentations fac\u00e9tieuses&#8230; Une fois par an, la compagnie organise un LABO, ouvert aux professionnels du mouvement et du th\u00e9\u00e2tre, pr\u00e9-professionnels, ou amateurs ayant une pratique avanc\u00e9e. DANSER\u00a0nos imaginaires, nos for\u00eats et nos vallons, par des mises en corps exploratrices et aventuri\u00e8res. Chaque matin embrasser son \u00e9tat, accueillir les nouvelles humeurs [&hellip;]<\/p>\n","protected":false},"author":1,"featured_media":0,"parent":0,"menu_order":0,"comment_status":"closed","ping_status":"closed","template":"","meta":{"footnotes":""},"class_list":["post-90","page","type-page","status-publish","hentry"],"_links":{"self":[{"href":"https:\/\/compagniesaa.fr\/index.php?rest_route=\/wp\/v2\/pages\/90","targetHints":{"allow":["GET"]}}],"collection":[{"href":"https:\/\/compagniesaa.fr\/index.php?rest_route=\/wp\/v2\/pages"}],"about":[{"href":"https:\/\/compagniesaa.fr\/index.php?rest_route=\/wp\/v2\/types\/page"}],"author":[{"embeddable":true,"href":"https:\/\/compagniesaa.fr\/index.php?rest_route=\/wp\/v2\/users\/1"}],"replies":[{"embeddable":true,"href":"https:\/\/compagniesaa.fr\/index.php?rest_route=%2Fwp%2Fv2%2Fcomments&post=90"}],"version-history":[{"count":4,"href":"https:\/\/compagniesaa.fr\/index.php?rest_route=\/wp\/v2\/pages\/90\/revisions"}],"predecessor-version":[{"id":148,"href":"https:\/\/compagniesaa.fr\/index.php?rest_route=\/wp\/v2\/pages\/90\/revisions\/148"}],"wp:attachment":[{"href":"https:\/\/compagniesaa.fr\/index.php?rest_route=%2Fwp%2Fv2%2Fmedia&parent=90"}],"curies":[{"name":"wp","href":"https:\/\/api.w.org\/{rel}","templated":true}]}}