{"id":195,"date":"2025-10-01T10:56:34","date_gmt":"2025-10-01T10:56:34","guid":{"rendered":"https:\/\/compagniesaa.fr\/?page_id=195"},"modified":"2025-10-01T15:56:00","modified_gmt":"2025-10-01T15:56:00","slug":"titre-aleatoire","status":"publish","type":"page","link":"https:\/\/compagniesaa.fr\/?page_id=195","title":{"rendered":"TITRE AL\u00c9ATOIRE"},"content":{"rendered":"\n<p><strong><em>Performance immersive&nbsp;et participative<\/em><\/strong>. <strong><em>Pour espaces non d\u00e9di\u00e9s.<\/em><\/strong><\/p>\n\n\n\n<p>CR\u00c9ATION 2024.<\/p>\n\n\n\n<div class=\"wp-block-columns is-layout-flex wp-container-core-columns-is-layout-28f84493 wp-block-columns-is-layout-flex\">\n<div class=\"wp-block-column is-layout-flow wp-block-column-is-layout-flow\">\n<figure class=\"wp-block-image size-large\"><img loading=\"lazy\" decoding=\"async\" width=\"1024\" height=\"710\" src=\"http:\/\/compagniesaa.fr\/wp-content\/uploads\/2025\/10\/2786e3d8-a832-4c55-b9b8-6814b153ea9a-1024x710.jpg\" alt=\"\" class=\"wp-image-213\" srcset=\"https:\/\/compagniesaa.fr\/wp-content\/uploads\/2025\/10\/2786e3d8-a832-4c55-b9b8-6814b153ea9a-1024x710.jpg 1024w, https:\/\/compagniesaa.fr\/wp-content\/uploads\/2025\/10\/2786e3d8-a832-4c55-b9b8-6814b153ea9a-300x208.jpg 300w, https:\/\/compagniesaa.fr\/wp-content\/uploads\/2025\/10\/2786e3d8-a832-4c55-b9b8-6814b153ea9a-768x533.jpg 768w, https:\/\/compagniesaa.fr\/wp-content\/uploads\/2025\/10\/2786e3d8-a832-4c55-b9b8-6814b153ea9a-1536x1066.jpg 1536w, https:\/\/compagniesaa.fr\/wp-content\/uploads\/2025\/10\/2786e3d8-a832-4c55-b9b8-6814b153ea9a.jpg 1600w\" sizes=\"auto, (max-width: 1024px) 100vw, 1024px\" \/><\/figure>\n<\/div>\n<\/div>\n\n\n\n<p>Performance pour 10 invit\u00e9s, 15 chaises et 2 interpr\u00e8tes complices. <\/p>\n\n\n\n<p>A la fa\u00e7on d\u2019un livre dont vous \u00eates l\u2019<strong><em>h\u00e9ro\u00efne<\/em><\/strong>&nbsp;ou le&nbsp;<strong><em>h\u00e9ros<\/em>&nbsp;<\/strong>et d\u2019un jeu de hasard, chaque invit\u00e9\/e, et chaque interpr\u00e8te complice tire un papier \u00e0 l\u2019entr\u00e9e, correspondant \u00e0 une mission. Chaque information secr\u00e8te donnera le ton du d\u00e9part de la performance, et glissera lentement vers d\u2019autres propositions, surprises, indications&#8230;&nbsp;<\/p>\n\n\n\n<p>Le temps de la performance n\u2019est pas d\u00e9fini au pr\u00e9alable puisque le hasard d\u00e9cide d\u2019une bonne partie de l\u2019exp\u00e9rience. Les livres invit\u00e9s sont choisis en avance, d\u00e9finissant un propos global, une esth\u00e9tique, un sujet, ou bien une mac\u00e9doine d\u00e9licieusement improbable.&nbsp;<\/p>\n\n\n\n<p>Chaque participant est libre de prendre part ou non, de se tenir \u00e0 son tirage au sort et de le r\u00e9aliser ou non.&nbsp;<\/p>\n\n\n\n<p>L\u2019ensemble est donc compl\u00e8tement surprenant et mobile, et surtout, toutes les personnes pr\u00e9sentes sont actrices et d\u00e9cisionnaires de la \u201cforme finale\u201d du \u201cspectacle\u201d.<\/p>\n\n\n\n<p><\/p>\n\n\n\n<div class=\"wp-block-buttons is-layout-flex wp-block-buttons-is-layout-flex\">\n<div class=\"wp-block-button\"><a class=\"wp-block-button__link wp-element-button\" href=\"https:\/\/compagniesaa.fr\/wp-content\/uploads\/2025\/10\/Titre-Aleatoire-Dossier-Artistique_compressed.pdf\">DOSSIER<\/a><\/div>\n<\/div>\n\n\n\n<p>\u00c9quipe artistique:<\/p>\n\n\n\n<ul class=\"wp-block-list\">\n<li>\u00e9criture\/interpr\u00e9tation: C\u00e9lia Tali et Laurie Sauted\u00e9.<\/li>\n<\/ul>\n","protected":false},"excerpt":{"rendered":"<p>Performance immersive&nbsp;et participative. Pour espaces non d\u00e9di\u00e9s. CR\u00c9ATION 2024. Performance pour 10 invit\u00e9s, 15 chaises et 2 interpr\u00e8tes complices. A la fa\u00e7on d\u2019un livre dont vous \u00eates l\u2019h\u00e9ro\u00efne&nbsp;ou le&nbsp;h\u00e9ros&nbsp;et d\u2019un jeu de hasard, chaque invit\u00e9\/e, et chaque interpr\u00e8te complice tire un papier \u00e0 l\u2019entr\u00e9e, correspondant \u00e0 une mission. Chaque information secr\u00e8te donnera le ton du [&hellip;]<\/p>\n","protected":false},"author":1,"featured_media":0,"parent":0,"menu_order":0,"comment_status":"closed","ping_status":"closed","template":"","meta":{"footnotes":""},"class_list":["post-195","page","type-page","status-publish","hentry"],"_links":{"self":[{"href":"https:\/\/compagniesaa.fr\/index.php?rest_route=\/wp\/v2\/pages\/195","targetHints":{"allow":["GET"]}}],"collection":[{"href":"https:\/\/compagniesaa.fr\/index.php?rest_route=\/wp\/v2\/pages"}],"about":[{"href":"https:\/\/compagniesaa.fr\/index.php?rest_route=\/wp\/v2\/types\/page"}],"author":[{"embeddable":true,"href":"https:\/\/compagniesaa.fr\/index.php?rest_route=\/wp\/v2\/users\/1"}],"replies":[{"embeddable":true,"href":"https:\/\/compagniesaa.fr\/index.php?rest_route=%2Fwp%2Fv2%2Fcomments&post=195"}],"version-history":[{"count":6,"href":"https:\/\/compagniesaa.fr\/index.php?rest_route=\/wp\/v2\/pages\/195\/revisions"}],"predecessor-version":[{"id":238,"href":"https:\/\/compagniesaa.fr\/index.php?rest_route=\/wp\/v2\/pages\/195\/revisions\/238"}],"wp:attachment":[{"href":"https:\/\/compagniesaa.fr\/index.php?rest_route=%2Fwp%2Fv2%2Fmedia&parent=195"}],"curies":[{"name":"wp","href":"https:\/\/api.w.org\/{rel}","templated":true}]}}