{"id":122,"date":"2025-09-30T13:49:26","date_gmt":"2025-09-30T13:49:26","guid":{"rendered":"https:\/\/compagniesaa.fr\/?page_id=122"},"modified":"2025-10-01T14:03:45","modified_gmt":"2025-10-01T14:03:45","slug":"neige-que-reste-t-il-de-nos-hivers","status":"publish","type":"page","link":"https:\/\/compagniesaa.fr\/?page_id=122","title":{"rendered":"Neige, que reste-t-il de nos hivers ?"},"content":{"rendered":"\n<p><strong><em>En \u00e9criture \/ solo pour l\u2019espace public, ode aux espaces blancs&#8230;<\/em><\/strong><\/p>\n\n\n\n<p>UN JOUR VIENDRA&#8230;<\/p>\n\n\n\n<figure class=\"wp-block-image size-large\"><img loading=\"lazy\" decoding=\"async\" width=\"1024\" height=\"635\" src=\"http:\/\/compagniesaa.fr\/wp-content\/uploads\/2025\/09\/Laurie-photos-2020-007-copie-1024x635.jpg\" alt=\"\" class=\"wp-image-72\" srcset=\"https:\/\/compagniesaa.fr\/wp-content\/uploads\/2025\/09\/Laurie-photos-2020-007-copie-1024x635.jpg 1024w, https:\/\/compagniesaa.fr\/wp-content\/uploads\/2025\/09\/Laurie-photos-2020-007-copie-300x186.jpg 300w, https:\/\/compagniesaa.fr\/wp-content\/uploads\/2025\/09\/Laurie-photos-2020-007-copie-768x476.jpg 768w, https:\/\/compagniesaa.fr\/wp-content\/uploads\/2025\/09\/Laurie-photos-2020-007-copie-1536x952.jpg 1536w, https:\/\/compagniesaa.fr\/wp-content\/uploads\/2025\/09\/Laurie-photos-2020-007-copie.jpg 2000w\" sizes=\"auto, (max-width: 1024px) 100vw, 1024px\" \/><figcaption class=\"wp-element-caption\">Cr\u00e9dit photo : Eric Trescazes.<\/figcaption><\/figure>\n\n\n\n<figure class=\"wp-block-embed is-type-video is-provider-youtube wp-block-embed-youtube wp-embed-aspect-16-9 wp-has-aspect-ratio\"><div class=\"wp-block-embed__wrapper\">\n<iframe loading=\"lazy\" title=\"neige \/\/ recherche\" width=\"500\" height=\"281\" src=\"https:\/\/www.youtube.com\/embed\/KLVlVbOr5-A?feature=oembed\" frameborder=\"0\" allow=\"accelerometer; autoplay; clipboard-write; encrypted-media; gyroscope; picture-in-picture; web-share\" referrerpolicy=\"strict-origin-when-cross-origin\" allowfullscreen><\/iframe>\n<\/div><\/figure>\n\n\n\n<p><em><strong>Neige&nbsp;est un projet qui tout d\u2019abord raconte. Nos histoires.<\/strong><\/em><\/p>\n\n\n\n<p>Pour allumer les confluences et les nostalgies qui se ressemblent.<\/p>\n\n\n\n<p>C\u2019est une \u00f4de au souvenir, un t\u00e9moignage d\u2019abandon, une m\u00e9taphore vivante de disparition, le constat d\u2019un adieu. Mais s\u2019il nous est permis de sombrer dans la&nbsp;&nbsp;tristesse des jours perdus c\u2019est qu\u2019alors d\u2019autres temps nous ont ravis de beaut\u00e9s fulgurantes, de secondes insoup\u00e7onnablement pr\u00e9cieuses.<\/p>\n\n\n\n<p>Neige&nbsp;prend sa source dans les paysages blancs, constructeurs de r\u00eaves, fondations d\u2019espoirs.<\/p>\n\n\n\n<p><em>Dans une r\u00e9alit\u00e9 plus substantielle, elle est la mise en relation d\u2019un ph\u00e9nom\u00e8ne \u00e9ph\u00e9m\u00e8re et de l\u2019\u00e9motion forte qui en d\u00e9coule<\/em>.<\/p>\n\n\n\n<p>L\u2019instant magiquement suspendu d\u2019un horizon qui se recouvre, d\u2019une pointe qui devient courbe, d\u2019un vide qui devient plein.<\/p>\n\n\n\n<p><em>Transformation divine, texture ouateuse, atmosph\u00e8re d\u2019un temps qui s\u2019arr\u00eate, c\u2019est la reflexion qui s\u2019invite<\/em>.<\/p>\n\n\n\n<p>Ainsi je voudrais savoir, que se passe-t-il quand les flocons n\u2019arrivent pas, ou plus? De quelles couleurs sont tes souvenirs d\u2019espoirs s\u2019ils ne sont pas blancs? <\/p>\n\n\n\n<p><strong><em>Quelle est ta d\u00e9finition de la hauteur, toi qui ne conna\u00eet pas la montagne ?<\/em><\/strong><\/p>\n\n\n\n<p>Dans un premier temps je voudrais croiser les histoires, apprendre, comprendre, en partant de la mienne pour aller vers les autres. Explorer les d\u00e9finitions de la neige, ses repr\u00e9sentations populaires. Et questionner nos rapports \u00e0 l\u2019hiver qui peu \u00e0 peu nous quitte.<\/p>\n\n\n\n<p>Une enqu\u00eate est donc pr\u00e9vue.<\/p>\n\n\n\n<p>Et ensuite infuser.<\/p>\n\n\n\n<p>Et apr\u00e8s lib\u00e9rer.<\/p>\n\n\n\n<p>Et puis danser.<\/p>\n\n\n\n<p>Et pour finir partager.<\/p>\n\n\n\n<p><\/p>\n\n\n\n<p><em>&gt;&gt; \u00ab\u00a0neige, que reste-t-il de nos hivers?\u00a0\u00bb est une rivi\u00e8re qui prend son temps et se d\u00e9pose peu \u00e0 peu, c&rsquo;est l&rsquo;envie d&rsquo;une \u00e9pop\u00e9e solo dans le grand univers de l&rsquo;espace public. Elle ne s&rsquo;installe pas dans une productivit\u00e9 \u00e9tablie, c&rsquo;est un fil qui se tisse, peu \u00e0 peu, et qui verra le jour quand le jour l&rsquo;accueillera.<\/em><\/p>\n\n\n\n<div class=\"wp-block-buttons is-layout-flex wp-block-buttons-is-layout-flex\">\n<div class=\"wp-block-button\"><a class=\"wp-block-button__link wp-element-button\" href=\"https:\/\/compagniesaa.fr\/wp-content\/uploads\/2025\/09\/neigeque-reste-t-il-de-nos-hivers.pdf\">DOSSIER<\/a><\/div>\n<\/div>\n\n\n\n<p>\u00c9quipe artistique:<\/p>\n\n\n\n<ul class=\"wp-block-list\">\n<li>chor\u00e9graphie\/\u00e9criture: Laurie Sauted\u00e9<\/li>\n\n\n\n<li>regard ext\u00e9rieur: Fran\u00e7ois Rascalou<\/li>\n<\/ul>\n","protected":false},"excerpt":{"rendered":"<p>En \u00e9criture \/ solo pour l\u2019espace public, ode aux espaces blancs&#8230; UN JOUR VIENDRA&#8230; Neige&nbsp;est un projet qui tout d\u2019abord raconte. Nos histoires. Pour allumer les confluences et les nostalgies qui se ressemblent. C\u2019est une \u00f4de au souvenir, un t\u00e9moignage d\u2019abandon, une m\u00e9taphore vivante de disparition, le constat d\u2019un adieu. Mais s\u2019il nous est permis [&hellip;]<\/p>\n","protected":false},"author":1,"featured_media":0,"parent":0,"menu_order":0,"comment_status":"closed","ping_status":"closed","template":"","meta":{"footnotes":""},"class_list":["post-122","page","type-page","status-publish","hentry"],"_links":{"self":[{"href":"https:\/\/compagniesaa.fr\/index.php?rest_route=\/wp\/v2\/pages\/122","targetHints":{"allow":["GET"]}}],"collection":[{"href":"https:\/\/compagniesaa.fr\/index.php?rest_route=\/wp\/v2\/pages"}],"about":[{"href":"https:\/\/compagniesaa.fr\/index.php?rest_route=\/wp\/v2\/types\/page"}],"author":[{"embeddable":true,"href":"https:\/\/compagniesaa.fr\/index.php?rest_route=\/wp\/v2\/users\/1"}],"replies":[{"embeddable":true,"href":"https:\/\/compagniesaa.fr\/index.php?rest_route=%2Fwp%2Fv2%2Fcomments&post=122"}],"version-history":[{"count":8,"href":"https:\/\/compagniesaa.fr\/index.php?rest_route=\/wp\/v2\/pages\/122\/revisions"}],"predecessor-version":[{"id":230,"href":"https:\/\/compagniesaa.fr\/index.php?rest_route=\/wp\/v2\/pages\/122\/revisions\/230"}],"wp:attachment":[{"href":"https:\/\/compagniesaa.fr\/index.php?rest_route=%2Fwp%2Fv2%2Fmedia&parent=122"}],"curies":[{"name":"wp","href":"https:\/\/api.w.org\/{rel}","templated":true}]}}