{"id":121,"date":"2025-09-30T13:49:15","date_gmt":"2025-09-30T13:49:15","guid":{"rendered":"https:\/\/compagniesaa.fr\/?page_id=121"},"modified":"2025-12-05T11:22:44","modified_gmt":"2025-12-05T11:22:44","slug":"caramels","status":"publish","type":"page","link":"https:\/\/compagniesaa.fr\/?page_id=121","title":{"rendered":"caramels"},"content":{"rendered":"\n<p>EN RECHERCHE DE PARTENAIRES (sait-on jamais&#8230;)<\/p>\n\n\n\n<p><strong><em>cr\u00e9ation en \u00e9criture \/ Histoires ovales \u00e0 4 corps parlants&nbsp;<\/em><\/strong><\/p>\n\n\n\n<p>CR\u00c9ATION 2027.<\/p>\n\n\n\n<figure class=\"wp-block-image size-large\"><img loading=\"lazy\" decoding=\"async\" width=\"724\" height=\"1024\" src=\"https:\/\/compagniesaa.fr\/wp-content\/uploads\/2025\/12\/WhatsApp-Image-2025-12-04-at-18.42.06-724x1024.jpeg\" alt=\"\" class=\"wp-image-250\" srcset=\"https:\/\/compagniesaa.fr\/wp-content\/uploads\/2025\/12\/WhatsApp-Image-2025-12-04-at-18.42.06-724x1024.jpeg 724w, https:\/\/compagniesaa.fr\/wp-content\/uploads\/2025\/12\/WhatsApp-Image-2025-12-04-at-18.42.06-212x300.jpeg 212w, https:\/\/compagniesaa.fr\/wp-content\/uploads\/2025\/12\/WhatsApp-Image-2025-12-04-at-18.42.06-768x1086.jpeg 768w, https:\/\/compagniesaa.fr\/wp-content\/uploads\/2025\/12\/WhatsApp-Image-2025-12-04-at-18.42.06-1086x1536.jpeg 1086w, https:\/\/compagniesaa.fr\/wp-content\/uploads\/2025\/12\/WhatsApp-Image-2025-12-04-at-18.42.06.jpeg 1131w\" sizes=\"auto, (max-width: 724px) 100vw, 724px\" \/><\/figure>\n\n\n\n<p>La transcendance d&rsquo;une histoire familiale vers un langage commun. L&rsquo;utilisation de la po\u00e9sie ovale pour s&rsquo;\u00e9chapper vers les lignes de la tol\u00e9rance et de l&rsquo;acceptation. L&rsquo;humour des bords de stade qui rejoint l&rsquo;amour du geste&#8230;<\/p>\n\n\n\n<p>Bref, \u00e7a mijote&#8230;.<\/p>\n\n\n\n<p><\/p>\n\n\n\n<p><em>Equipe artistique : <\/em><\/p>\n\n\n\n<ul class=\"wp-block-list\">\n<li>chor\u00e9graphie\/mise en sc\u00e8ne\/\u00e9criture: Laurie Sauted\u00e9<\/li>\n\n\n\n<li>interpr\u00e8tes au plateau\/complices dans l&rsquo;\u00e9criture: Jean-No\u00ebl Masson, Louise Baude, Hugo Dunas-Wald, Antoine Toulemonde.<\/li>\n<\/ul>\n\n\n\n<div class=\"wp-block-buttons is-layout-flex wp-block-buttons-is-layout-flex\">\n<div class=\"wp-block-button\"><a class=\"wp-block-button__link wp-element-button\" href=\"https:\/\/compagniesaa.fr\/wp-content\/uploads\/2025\/12\/caramels-27-1.pdf\">DOSSIER<\/a><\/div>\n<\/div>\n\n\n\n<figure class=\"wp-block-video\"><video height=\"1080\" style=\"aspect-ratio: 1920 \/ 1080;\" width=\"1920\" controls src=\"https:\/\/compagniesaa.fr\/wp-content\/uploads\/2025\/12\/IMG_3410.mov\"><\/video><\/figure>\n","protected":false},"excerpt":{"rendered":"<p>EN RECHERCHE DE PARTENAIRES (sait-on jamais&#8230;) cr\u00e9ation en \u00e9criture \/ Histoires ovales \u00e0 4 corps parlants&nbsp; CR\u00c9ATION 2027. La transcendance d&rsquo;une histoire familiale vers un langage commun. L&rsquo;utilisation de la po\u00e9sie ovale pour s&rsquo;\u00e9chapper vers les lignes de la tol\u00e9rance et de l&rsquo;acceptation. L&rsquo;humour des bords de stade qui rejoint l&rsquo;amour du geste&#8230; Bref, \u00e7a [&hellip;]<\/p>\n","protected":false},"author":1,"featured_media":0,"parent":0,"menu_order":0,"comment_status":"closed","ping_status":"closed","template":"","meta":{"footnotes":""},"class_list":["post-121","page","type-page","status-publish","hentry"],"_links":{"self":[{"href":"https:\/\/compagniesaa.fr\/index.php?rest_route=\/wp\/v2\/pages\/121","targetHints":{"allow":["GET"]}}],"collection":[{"href":"https:\/\/compagniesaa.fr\/index.php?rest_route=\/wp\/v2\/pages"}],"about":[{"href":"https:\/\/compagniesaa.fr\/index.php?rest_route=\/wp\/v2\/types\/page"}],"author":[{"embeddable":true,"href":"https:\/\/compagniesaa.fr\/index.php?rest_route=\/wp\/v2\/users\/1"}],"replies":[{"embeddable":true,"href":"https:\/\/compagniesaa.fr\/index.php?rest_route=%2Fwp%2Fv2%2Fcomments&post=121"}],"version-history":[{"count":12,"href":"https:\/\/compagniesaa.fr\/index.php?rest_route=\/wp\/v2\/pages\/121\/revisions"}],"predecessor-version":[{"id":264,"href":"https:\/\/compagniesaa.fr\/index.php?rest_route=\/wp\/v2\/pages\/121\/revisions\/264"}],"wp:attachment":[{"href":"https:\/\/compagniesaa.fr\/index.php?rest_route=%2Fwp%2Fv2%2Fmedia&parent=121"}],"curies":[{"name":"wp","href":"https:\/\/api.w.org\/{rel}","templated":true}]}}